{"id":53,"date":"2024-08-24T08:02:28","date_gmt":"2024-08-24T08:02:28","guid":{"rendered":"https:\/\/martinaspanish.pl\/index.php\/home\/"},"modified":"2024-11-04T00:11:04","modified_gmt":"2024-11-04T00:11:04","slug":"home","status":"publish","type":"page","link":"https:\/\/martinaspanish.pl\/","title":{"rendered":"Krok do j\u0119zyka hiszpa\u0144skiego"},"content":{"rendered":"\n    \n    <section class=\"u-clearfix u-custom-color-1 u-valign-middle-lg u-valign-middle-md u-valign-middle-sm u-valign-middle-xs u-section-2\" id=\"sec-c1cd\">\n      <div class=\"data-layout-selected u-clearfix u-expanded-width u-layout-wrap u-layout-wrap-1\">\n        <div class=\"u-gutter-0 u-layout\">\n          <div class=\"u-layout-row\">\n            <div class=\"u-container-style u-layout-cell u-size-30 u-size-30-md u-layout-cell-1\">\n              <div class=\"u-container-layout u-container-layout-1\">\n                <p class=\"u-align-center u-custom-font u-font-montserrat u-text u-text-custom-color-5 u-text-default u-text-1\">Krok do j\u0119zyka&nbsp;<br>hiszpa\u0144skiego \n                <\/p>\n                <a href=\"https:\/\/martinaspanish.pl\/index.php\/lekcje\/\" class=\"u-align-center u-btn u-btn-round u-button-style u-custom-color-3 u-radius u-btn-1\">Lekcje j\u0119zyka <\/a>\n                <a href=\"https:\/\/martinaspanish.pl\/index.php\/formalnosci\/\" class=\"u-align-center u-btn u-btn-round u-button-style u-custom-color-6 u-radius u-btn-2\">Koordynacja formalno\u015bci<br>w Hiszpanii \n                <\/a>\n              <\/div>\n            <\/div>\n            <div class=\"u-container-style u-layout-cell u-size-30 u-size-30-md u-layout-cell-2\">\n              <div class=\"u-container-layout u-container-layout-2\">\n                <div class=\"custom-expanded u-custom-color-2 u-preserve-proportions u-shape u-shape-circle u-shape-1\"><\/div>\n                <img decoding=\"async\" class=\"u-image u-image-contain u-image-default u-image-1\" src=\"https:\/\/martinaspanish.pl\/wp-content\/uploads\/2024\/08\/2d63b206-5315-4a79-bc5e-a16272638b48.png\" alt=\"\" data-image-width=\"1024\" data-image-height=\"1024\">\n              <\/div>\n            <\/div>\n          <\/div>\n        <\/div>\n      <\/div>\n    <\/section>\n    <section class=\"u-align-center u-clearfix u-container-align-center u-custom-color-2 u-section-3\" id=\"sec-016c\">\n      <div class=\"data-layout-selected u-clearfix u-expanded-width u-gutter-0 u-layout-wrap u-layout-wrap-1\">\n        <div class=\"u-layout\">\n          <div class=\"u-layout-row\">\n            <div class=\"u-container-style u-layout-cell u-size-29 u-layout-cell-1\">\n              <div class=\"u-container-layout u-container-layout-1\">\n                <div class=\"custom-expanded u-palette-5-light-3 u-preserve-proportions u-shape u-shape-circle u-shape-1\"><\/div>\n                <img decoding=\"async\" class=\"u-align-center-sm u-align-center-xs u-image u-image-contain u-image-default u-preserve-proportions u-image-1\" src=\"https:\/\/martinaspanish.pl\/wp-content\/uploads\/2024\/08\/zcanvya22b0b79-13e5-4b64-a735-b9e13520f124.png\" alt=\"\" data-image-width=\"1024\" data-image-height=\"1024\">\n              <\/div>\n            <\/div>\n            <div class=\"u-align-center-xs u-align-left-lg u-align-left-md u-align-left-xl u-container-style u-layout-cell u-size-31 u-layout-cell-2\">\n              <div class=\"u-container-layout u-container-layout-2\">\n                <h3 class=\"u-align-center-lg u-align-center-md u-align-center-xl u-align-center-xs u-align-left-sm u-text u-text-custom-color-5 u-text-1\">Hola, jestem Martina<\/h3>\n                <p class=\"u-align-center-sm u-align-center-xs u-text u-text-custom-color-5 u-text-2\"> Zapraszam Ci\u0119 do fascynuj\u0105cej podr\u00f3\u017cy w \u015bwiat j\u0119zyka hiszpa\u0144skiego. Z moj\u0105 pomoc\u0105 szybko opanujesz j\u0119zyk i otworzysz sobie drzwi do nowych mo\u017cliwo\u015bci.&nbsp;<\/p>\n                <p class=\"u-align-center-sm u-align-center-xs u-text u-text-custom-color-5 u-text-3\"> Moje lekcje s\u0105 dostosowane do Twoich potrzeb, niezale\u017cnie od poziomu zaawansowania. Do\u0142\u0105cz do mnie i rozpocznij swoj\u0105 przygod\u0119 z hiszpa\u0144skim ju\u017c dzi\u015b!<\/p>\n                <a href=\"https:\/\/martinaspanish.pl\/index.php\/o-mnie\/\" class=\"u-align-center u-btn u-btn-round u-button-style u-custom-color-7 u-radius u-btn-1\">Dowiedz si\u0119 wi\u0119cej <\/a>\n              <\/div>\n            <\/div>\n          <\/div>\n        <\/div>\n      <\/div>\n    <\/section>\n    <section class=\"u-clearfix u-custom-color-1 u-section-4\" id=\"sec-06f5\">\n      <div class=\"u-clearfix u-sheet u-sheet-1\">\n        <div class=\"data-layout-selected u-clearfix u-expanded-width u-layout-wrap u-layout-wrap-1\">\n          <div class=\"u-layout\">\n            <div class=\"u-layout-row\">\n              <div class=\"u-align-center-sm u-align-center-xs u-container-style u-layout-cell u-size-30 u-layout-cell-1\">\n                <div class=\"u-container-layout u-container-layout-1\">\n                  <h3 class=\"u-align-center-lg u-align-center-md u-align-left-xl u-text u-text-custom-color-5 u-text-1\">A mo\u017ce marzysz o w\u0142asnym&nbsp;<br>kawa\u0142ku raju w s\u0142onecznej&nbsp;<br>Hiszpanii? \n                  <\/h3>\n                  <p class=\"u-text u-text-custom-color-5 u-text-2\"> Nie tylko mog\u0119 Ci pom\u00f3c opanowa\u0107 j\u0119zyk, ale tak\u017ce uczyni\u0107 proces zakupu nieruchomo\u015bci \u0142atwiejszym i bardziej przyjemnym ni\u017c kiedykolwiek! Dzi\u0119ki mojemu do\u015bwiadczeniu i wiedzy, oszcz\u0119dzisz czas i unikniesz stresu zwi\u0105zanego z formalno\u015bciami.&nbsp;<\/p>\n                  <a href=\"https:\/\/martinaspanish.pl\/index.php\/formalnosci\/\" class=\"u-align-center u-btn u-btn-round u-button-style u-custom-color-7 u-radius u-btn-1\">Zobacz ofert\u0119 <\/a>\n                <\/div>\n              <\/div>\n              <div class=\"u-container-style u-layout-cell u-size-30 u-layout-cell-2\">\n                <div class=\"u-container-layout u-valign-middle-lg u-valign-middle-md u-valign-middle-xl u-container-layout-2\">\n                  <img decoding=\"async\" class=\"u-expanded-width-xs u-image u-image-contain u-image-default u-preserve-proportions u-image-1\" src=\"https:\/\/martinaspanish.pl\/wp-content\/uploads\/2024\/08\/17b096c3-b7bc-4b62-9320-05717a15c186.png\" alt=\"\" data-image-width=\"1024\" data-image-height=\"1024\">\n                <\/div>\n              <\/div>\n            <\/div>\n          <\/div>\n        <\/div>\n      <\/div>\n    <\/section>\n    <section class=\"u-clearfix u-palette-5-light-3 u-section-5\" id=\"sec-5717\">\n      <div class=\"u-clearfix u-sheet u-sheet-1\">\n        <div class=\"data-layout-selected u-clearfix u-expanded-width u-layout-wrap u-layout-wrap-1\">\n          <div class=\"u-layout\">\n            <div class=\"u-layout-row\">\n              <div class=\"u-container-style u-layout-cell u-size-30 u-layout-cell-1\">\n                <div class=\"u-container-layout u-container-layout-1\">\n                  <h2 class=\"text_opacity u-palette-5-light-3 u-text u-text-custom-color-7 u-text-1\">Skontaktuj si\u0119 ze mn\u0105 ju\u017c teraz!<\/h2>\n                  <div class=\"textarea u-form u-form-1\">\n                    <form action=\"https:\/\/forms.nicepagesrv.com\/v2\/form\/process\" class=\"u-clearfix u-form-spacing-32 u-form-vertical u-inner-form\" style=\"padding: 10px\" source=\"email\" name=\"form\">\n                      <div class=\"u-form-group u-form-name u-label-none\">\n                        <label class=\"u-label\">Name<\/label>\n                        <input type=\"text\" placeholder=\"Imi\u0119\" id=\"name-3b9a\" name=\"name\" class=\"u-border-2 u-border-palette-3-light-3 u-input u-input-rectangle u-none u-radius u-text-palette-3-light-1 u-input-1\" required=\"\">\n                      <\/div>\n                      <div class=\"u-form-email u-form-group u-label-none\">\n                        <label class=\"u-label\">Email<\/label>\n                        <input type=\"email\" placeholder=\"E-mail\" id=\"email-3b9a\" name=\"email\" class=\"u-border-2 u-border-palette-3-light-3 u-input u-input-rectangle u-none u-radius u-text-palette-3-light-1 u-input-2\" required=\"\">\n                      <\/div>\n                      <div class=\"u-form-group u-form-message u-label-none\">\n                        <label class=\"u-label\">Message<\/label>\n                        <textarea placeholder=\"Tre\u015b\u0107\" id=\"message-3b9a\" name=\"message\" class=\"u-border-2 u-border-palette-3-light-3 u-input u-input-rectangle u-none u-radius u-text-palette-3-light-1 u-input-3\" required=\"\"><\/textarea>\n                      <\/div>\n                      <div class=\"u-align-left u-form-group u-form-submit\">\n                        <a href=\"#\" class=\"u-btn u-btn-round u-btn-submit u-button-style u-custom-color-7 u-radius u-btn-1\">Wy\u015blij<\/a>\n                        <input type=\"submit\" value=\"submit\" class=\"u-form-control-hidden\">\n                      <\/div>\n                      <div class=\"u-form-send-message u-form-send-success\"> Thank you! Your message has been sent. <\/div>\n                      <div class=\"u-form-send-error u-form-send-message\"> Unable to send your message. Please fix errors then try again. <\/div>\n                      <input type=\"hidden\" value=\"\" name=\"recaptchaResponse\">\n                      <input type=\"hidden\" name=\"formServices\" value=\"c58d2473-b5e6-3906-34e7-a8689efd450e\">\n                      <input type=\"hidden\" name=\"siteKey\" value=\"6LdHMy4qAAAAAJOf2n8FTrKC-1XDtIV9z8_dbZOa\">\n                    <\/form>\n                  <\/div>\n                <\/div>\n              <\/div>\n              <div class=\"u-container-style u-hidden-sm u-hidden-xs u-layout-cell u-size-30 u-layout-cell-2\">\n                <div class=\"u-container-layout u-valign-middle u-container-layout-2\">\n                  <img decoding=\"async\" class=\"u-image u-image-contain u-image-default u-opacity u-opacity-60 u-preserve-proportions u-image-1\" src=\"https:\/\/martinaspanish.pl\/wp-content\/uploads\/2024\/08\/a5957696-8732-4619-aec7-dd9013c9fb95.png\" alt=\"\" data-image-width=\"1024\" data-image-height=\"1024\">\n                <\/div>\n              <\/div>\n            <\/div>\n          <\/div>\n        <\/div>\n      <\/div>\n    <\/section>\n    \n    \n    \n  \n","protected":false},"excerpt":{"rendered":"<p>Krok do j\u0119zyka&nbsp;hiszpa\u0144skiego Lekcje j\u0119zyka Koordynacja formalno\u015bciw Hiszpanii Hola, jestem Martina Zapraszam Ci\u0119 do fascynuj\u0105cej podr\u00f3\u017cy w \u015bwiat j\u0119zyka hiszpa\u0144skiego. Z moj\u0105 pomoc\u0105 szybko opanujesz j\u0119zyk i otworzysz sobie drzwi do nowych mo\u017cliwo\u015bci.&nbsp; Moje lekcje s\u0105 dostosowane do Twoich potrzeb, niezale\u017cnie od poziomu zaawansowania. Do\u0142\u0105cz do mnie i rozpocznij swoj\u0105 przygod\u0119 z hiszpa\u0144skim ju\u017c dzi\u015b! &hellip; <a href=\"https:\/\/martinaspanish.pl\/\" class=\"more-link\">Continue reading<span class=\"screen-reader-text\"> &#8222;Krok do j\u0119zyka hiszpa\u0144skiego&#8221;<\/span><\/a><\/p>\n","protected":false},"author":1,"featured_media":0,"parent":0,"menu_order":4,"comment_status":"closed","ping_status":"closed","template":"","meta":{"footnotes":""},"class_list":["post-53","page","type-page","status-publish","hentry"],"yoast_head":"<!-- This site is optimized with the Yoast SEO plugin v23.3 - https:\/\/yoast.com\/wordpress\/plugins\/seo\/ -->\n<title>Krok do j\u0119zyka hiszpa\u0144skiego - Martina Spanish<\/title>\n<meta name=\"description\" content=\"Moje lekcje s\u0105 dostosowane do Twoich potrzeb, niezale\u017cnie od poziomu zaawansowania. Do\u0142\u0105cz do mnie i rozpocznij swoj\u0105 przygod\u0119 z hiszpa\u0144skim ju\u017c dzi\u015b! Nie tylko mog\u0119 Ci pom\u00f3c opanowa\u0107 j\u0119zyk, ale tak\u017ce uczyni\u0107 proces zakupu nieruchomo\u015bci \u0142atwiejszym i bardziej przyjemnym ni\u017c kiedykolwiek! Dzi\u0119ki mojemu do\u015bwiadczeniu i wiedzy, oszcz\u0119dzisz czas i unikniesz stresu zwi\u0105zanego z formalno\u015bciami.\" \/>\n<meta name=\"robots\" content=\"index, follow, max-snippet:-1, max-image-preview:large, max-video-preview:-1\" \/>\n<link rel=\"canonical\" href=\"https:\/\/martinaspanish.pl\/\" \/>\n<meta property=\"og:locale\" content=\"pl_PL\" \/>\n<meta property=\"og:type\" content=\"article\" \/>\n<meta property=\"og:title\" content=\"Krok do j\u0119zyka hiszpa\u0144skiego - Martina Spanish\" \/>\n<meta property=\"og:description\" content=\"Moje lekcje s\u0105 dostosowane do Twoich potrzeb, niezale\u017cnie od poziomu zaawansowania. Do\u0142\u0105cz do mnie i rozpocznij swoj\u0105 przygod\u0119 z hiszpa\u0144skim ju\u017c dzi\u015b! Nie tylko mog\u0119 Ci pom\u00f3c opanowa\u0107 j\u0119zyk, ale tak\u017ce uczyni\u0107 proces zakupu nieruchomo\u015bci \u0142atwiejszym i bardziej przyjemnym ni\u017c kiedykolwiek! Dzi\u0119ki mojemu do\u015bwiadczeniu i wiedzy, oszcz\u0119dzisz czas i unikniesz stresu zwi\u0105zanego z formalno\u015bciami.\" \/>\n<meta property=\"og:url\" content=\"https:\/\/martinaspanish.pl\/\" \/>\n<meta property=\"og:site_name\" content=\"Martina Spanish\" \/>\n<meta property=\"article:modified_time\" content=\"2024-11-04T00:11:04+00:00\" \/>\n<meta name=\"twitter:card\" content=\"summary_large_image\" \/>\n<meta name=\"twitter:label1\" content=\"Szacowany czas czytania\" \/>\n\t<meta name=\"twitter:data1\" content=\"2 minuty\" \/>\n<script type=\"application\/ld+json\" class=\"yoast-schema-graph\">{\"@context\":\"https:\/\/schema.org\",\"@graph\":[{\"@type\":\"WebPage\",\"@id\":\"https:\/\/martinaspanish.pl\/\",\"url\":\"https:\/\/martinaspanish.pl\/\",\"name\":\"Krok do j\u0119zyka hiszpa\u0144skiego - Martina Spanish\",\"isPartOf\":{\"@id\":\"https:\/\/martinaspanish.pl\/#website\"},\"datePublished\":\"2024-08-24T08:02:28+00:00\",\"dateModified\":\"2024-11-04T00:11:04+00:00\",\"description\":\"Moje lekcje s\u0105 dostosowane do Twoich potrzeb, niezale\u017cnie od poziomu zaawansowania. Do\u0142\u0105cz do mnie i rozpocznij swoj\u0105 przygod\u0119 z hiszpa\u0144skim ju\u017c dzi\u015b! Nie tylko mog\u0119 Ci pom\u00f3c opanowa\u0107 j\u0119zyk, ale tak\u017ce uczyni\u0107 proces zakupu nieruchomo\u015bci \u0142atwiejszym i bardziej przyjemnym ni\u017c kiedykolwiek! Dzi\u0119ki mojemu do\u015bwiadczeniu i wiedzy, oszcz\u0119dzisz czas i unikniesz stresu zwi\u0105zanego z formalno\u015bciami.\",\"breadcrumb\":{\"@id\":\"https:\/\/martinaspanish.pl\/#breadcrumb\"},\"inLanguage\":\"pl-PL\",\"potentialAction\":[{\"@type\":\"ReadAction\",\"target\":[\"https:\/\/martinaspanish.pl\/\"]}]},{\"@type\":\"BreadcrumbList\",\"@id\":\"https:\/\/martinaspanish.pl\/#breadcrumb\",\"itemListElement\":[{\"@type\":\"ListItem\",\"position\":1,\"name\":\"Strona g\u0142\u00f3wna\",\"item\":\"https:\/\/martinaspanish.pl\/\"},{\"@type\":\"ListItem\",\"position\":2,\"name\":\"Krok do j\u0119zyka hiszpa\u0144skiego\"}]},{\"@type\":\"WebSite\",\"@id\":\"https:\/\/martinaspanish.pl\/#website\",\"url\":\"https:\/\/martinaspanish.pl\/\",\"name\":\"Martina Spanish\",\"description\":\"J\u0119zyk hiszpa\u0144ski dla ka\u017cdego!\",\"publisher\":{\"@id\":\"https:\/\/martinaspanish.pl\/#organization\"},\"potentialAction\":[{\"@type\":\"SearchAction\",\"target\":{\"@type\":\"EntryPoint\",\"urlTemplate\":\"https:\/\/martinaspanish.pl\/?s={search_term_string}\"},\"query-input\":\"required name=search_term_string\"}],\"inLanguage\":\"pl-PL\"},{\"@type\":\"Organization\",\"@id\":\"https:\/\/martinaspanish.pl\/#organization\",\"name\":\"Martina Spanish\",\"url\":\"https:\/\/martinaspanish.pl\/\",\"logo\":{\"@type\":\"ImageObject\",\"inLanguage\":\"pl-PL\",\"@id\":\"https:\/\/martinaspanish.pl\/#\/schema\/logo\/image\/\",\"url\":\"https:\/\/martinaspanish.pl\/wp-content\/uploads\/2024\/04\/Martina.png\",\"contentUrl\":\"https:\/\/martinaspanish.pl\/wp-content\/uploads\/2024\/04\/Martina.png\",\"width\":500,\"height\":500,\"caption\":\"Martina Spanish\"},\"image\":{\"@id\":\"https:\/\/martinaspanish.pl\/#\/schema\/logo\/image\/\"}}]}<\/script>\n<!-- \/ Yoast SEO plugin. -->","yoast_head_json":{"title":"Krok do j\u0119zyka hiszpa\u0144skiego - Martina Spanish","description":"Moje lekcje s\u0105 dostosowane do Twoich potrzeb, niezale\u017cnie od poziomu zaawansowania. Do\u0142\u0105cz do mnie i rozpocznij swoj\u0105 przygod\u0119 z hiszpa\u0144skim ju\u017c dzi\u015b! Nie tylko mog\u0119 Ci pom\u00f3c opanowa\u0107 j\u0119zyk, ale tak\u017ce uczyni\u0107 proces zakupu nieruchomo\u015bci \u0142atwiejszym i bardziej przyjemnym ni\u017c kiedykolwiek! Dzi\u0119ki mojemu do\u015bwiadczeniu i wiedzy, oszcz\u0119dzisz czas i unikniesz stresu zwi\u0105zanego z formalno\u015bciami.","robots":{"index":"index","follow":"follow","max-snippet":"max-snippet:-1","max-image-preview":"max-image-preview:large","max-video-preview":"max-video-preview:-1"},"canonical":"https:\/\/martinaspanish.pl\/","og_locale":"pl_PL","og_type":"article","og_title":"Krok do j\u0119zyka hiszpa\u0144skiego - Martina Spanish","og_description":"Moje lekcje s\u0105 dostosowane do Twoich potrzeb, niezale\u017cnie od poziomu zaawansowania. Do\u0142\u0105cz do mnie i rozpocznij swoj\u0105 przygod\u0119 z hiszpa\u0144skim ju\u017c dzi\u015b! Nie tylko mog\u0119 Ci pom\u00f3c opanowa\u0107 j\u0119zyk, ale tak\u017ce uczyni\u0107 proces zakupu nieruchomo\u015bci \u0142atwiejszym i bardziej przyjemnym ni\u017c kiedykolwiek! Dzi\u0119ki mojemu do\u015bwiadczeniu i wiedzy, oszcz\u0119dzisz czas i unikniesz stresu zwi\u0105zanego z formalno\u015bciami.","og_url":"https:\/\/martinaspanish.pl\/","og_site_name":"Martina Spanish","article_modified_time":"2024-11-04T00:11:04+00:00","twitter_card":"summary_large_image","twitter_misc":{"Szacowany czas czytania":"2 minuty"},"schema":{"@context":"https:\/\/schema.org","@graph":[{"@type":"WebPage","@id":"https:\/\/martinaspanish.pl\/","url":"https:\/\/martinaspanish.pl\/","name":"Krok do j\u0119zyka hiszpa\u0144skiego - Martina Spanish","isPartOf":{"@id":"https:\/\/martinaspanish.pl\/#website"},"datePublished":"2024-08-24T08:02:28+00:00","dateModified":"2024-11-04T00:11:04+00:00","description":"Moje lekcje s\u0105 dostosowane do Twoich potrzeb, niezale\u017cnie od poziomu zaawansowania. Do\u0142\u0105cz do mnie i rozpocznij swoj\u0105 przygod\u0119 z hiszpa\u0144skim ju\u017c dzi\u015b! Nie tylko mog\u0119 Ci pom\u00f3c opanowa\u0107 j\u0119zyk, ale tak\u017ce uczyni\u0107 proces zakupu nieruchomo\u015bci \u0142atwiejszym i bardziej przyjemnym ni\u017c kiedykolwiek! Dzi\u0119ki mojemu do\u015bwiadczeniu i wiedzy, oszcz\u0119dzisz czas i unikniesz stresu zwi\u0105zanego z formalno\u015bciami.","breadcrumb":{"@id":"https:\/\/martinaspanish.pl\/#breadcrumb"},"inLanguage":"pl-PL","potentialAction":[{"@type":"ReadAction","target":["https:\/\/martinaspanish.pl\/"]}]},{"@type":"BreadcrumbList","@id":"https:\/\/martinaspanish.pl\/#breadcrumb","itemListElement":[{"@type":"ListItem","position":1,"name":"Strona g\u0142\u00f3wna","item":"https:\/\/martinaspanish.pl\/"},{"@type":"ListItem","position":2,"name":"Krok do j\u0119zyka hiszpa\u0144skiego"}]},{"@type":"WebSite","@id":"https:\/\/martinaspanish.pl\/#website","url":"https:\/\/martinaspanish.pl\/","name":"Martina Spanish","description":"J\u0119zyk hiszpa\u0144ski dla ka\u017cdego!","publisher":{"@id":"https:\/\/martinaspanish.pl\/#organization"},"potentialAction":[{"@type":"SearchAction","target":{"@type":"EntryPoint","urlTemplate":"https:\/\/martinaspanish.pl\/?s={search_term_string}"},"query-input":"required name=search_term_string"}],"inLanguage":"pl-PL"},{"@type":"Organization","@id":"https:\/\/martinaspanish.pl\/#organization","name":"Martina Spanish","url":"https:\/\/martinaspanish.pl\/","logo":{"@type":"ImageObject","inLanguage":"pl-PL","@id":"https:\/\/martinaspanish.pl\/#\/schema\/logo\/image\/","url":"https:\/\/martinaspanish.pl\/wp-content\/uploads\/2024\/04\/Martina.png","contentUrl":"https:\/\/martinaspanish.pl\/wp-content\/uploads\/2024\/04\/Martina.png","width":500,"height":500,"caption":"Martina Spanish"},"image":{"@id":"https:\/\/martinaspanish.pl\/#\/schema\/logo\/image\/"}}]}},"_links":{"self":[{"href":"https:\/\/martinaspanish.pl\/index.php\/wp-json\/wp\/v2\/pages\/53","targetHints":{"allow":["GET"]}}],"collection":[{"href":"https:\/\/martinaspanish.pl\/index.php\/wp-json\/wp\/v2\/pages"}],"about":[{"href":"https:\/\/martinaspanish.pl\/index.php\/wp-json\/wp\/v2\/types\/page"}],"author":[{"embeddable":true,"href":"https:\/\/martinaspanish.pl\/index.php\/wp-json\/wp\/v2\/users\/1"}],"replies":[{"embeddable":true,"href":"https:\/\/martinaspanish.pl\/index.php\/wp-json\/wp\/v2\/comments?post=53"}],"version-history":[{"count":4,"href":"https:\/\/martinaspanish.pl\/index.php\/wp-json\/wp\/v2\/pages\/53\/revisions"}],"predecessor-version":[{"id":104,"href":"https:\/\/martinaspanish.pl\/index.php\/wp-json\/wp\/v2\/pages\/53\/revisions\/104"}],"wp:attachment":[{"href":"https:\/\/martinaspanish.pl\/index.php\/wp-json\/wp\/v2\/media?parent=53"}],"curies":[{"name":"wp","href":"https:\/\/api.w.org\/{rel}","templated":true}]}}