{"id":51,"date":"2024-08-24T08:02:26","date_gmt":"2024-08-24T08:02:26","guid":{"rendered":"https:\/\/martinaspanish.pl\/index.php\/formalnosci\/"},"modified":"2024-11-04T00:14:02","modified_gmt":"2024-11-04T00:14:02","slug":"formalnosci","status":"publish","type":"page","link":"https:\/\/martinaspanish.pl\/index.php\/formalnosci\/","title":{"rendered":"Za\u0142atw formalno\u015bci w Hiszpanii bez stresu"},"content":{"rendered":"\n    \n    <section class=\"u-clearfix u-custom-color-1 u-section-2\" id=\"sec-92a2\">\n      <div class=\"u-clearfix u-sheet u-sheet-1\">\n        <img decoding=\"async\" class=\"u-align-center-xs u-image u-image-contain u-image-default u-preserve-proportions u-image-1\" src=\"https:\/\/martinaspanish.pl\/wp-content\/uploads\/2024\/08\/5156c291-fb29-4c91-bef0-fb0f7e55ec5d.png\" alt=\"\" data-image-width=\"1024\" data-image-height=\"1024\">\n        <div class=\"u-container-style u-expanded-width-xs u-group u-shape-rectangle u-group-1\">\n          <div class=\"u-container-layout u-container-layout-1\">\n            <h2 class=\"u-text u-text-custom-color-5 u-text-default u-text-1\">Za\u0142atw formalno\u015bci w Hiszpanii bez stresu!<\/h2>\n            <p class=\"u-text u-text-custom-color-5 u-text-default u-text-2\"> Daj mi zaj\u0105\u0107 si\u0119 formalno\u015bciami, a Ty ciesz si\u0119 perspektyw\u0105 \u017cycia w magicznym kraju s\u0142onecznych dni <br>i urokliwych zak\u0105tk\u00f3w.<br>\n              <br>\n              <span style=\"font-weight: 700;\">Skontaktuj si\u0119 ze mn\u0105, aby pozna\u0107 wycen\u0119.&nbsp;<\/span>\n            <\/p>\n            <div class=\"custom-expanded u-container-style u-expanded-width-lg u-expanded-width-md u-expanded-width-sm u-expanded-width-xl u-group u-palette-3-light-2 u-radius u-shape-round u-group-2\">\n              <div class=\"u-container-layout u-valign-middle-xs u-container-layout-2\">\n                <p class=\"u-align-left-xs u-text u-text-custom-color-5 u-text-default u-text-3\">Oferta obejmuje :<\/p>\n              <\/div>\n            <\/div>\n            <p class=\"u-large-text u-text u-text-custom-color-5 u-text-variant u-text-4\"><span class=\"u-file-icon u-icon u-text-custom-color-7 u-icon-1\"><img decoding=\"async\" src=\"https:\/\/martinaspanish.pl\/wp-content\/uploads\/2024\/08\/f3d4f0a2.png\" alt=\"\"><\/span>&nbsp;Pomoc przy zakupie nieruchomo\u015bci <br>\n              <br><span class=\"u-file-icon u-icon u-text-custom-color-7\"><img decoding=\"async\" src=\"https:\/\/martinaspanish.pl\/wp-content\/uploads\/2024\/08\/f3d4f0a2.png\" alt=\"\"><\/span> &nbsp; Wsparcie j\u0119zykowe, np. u notariusza<br>\n              <br><span class=\"u-file-icon u-icon u-text-custom-color-7\"><img decoding=\"async\" src=\"https:\/\/martinaspanish.pl\/wp-content\/uploads\/2024\/08\/f3d4f0a2.png\" alt=\"\"><\/span> &nbsp; Koordynacja spraw urz\u0119dowych<br>\n              <br><span class=\"u-file-icon u-icon u-text-custom-color-7\"><img decoding=\"async\" src=\"https:\/\/martinaspanish.pl\/wp-content\/uploads\/2024\/08\/f3d4f0a2.png\" alt=\"\"><\/span> &nbsp; Formalno\u015bci zwi\u0105zane z N.I.E.<br>\n              <br><span class=\"u-file-icon u-icon u-text-custom-color-7\"><img decoding=\"async\" src=\"https:\/\/martinaspanish.pl\/wp-content\/uploads\/2024\/08\/f3d4f0a2.png\" alt=\"\"><\/span> &nbsp; Inne<span style=\"font-family: Roboto,sans-serif; background-color: #c67258; font-weight: 700;\">\n                <span style=\"color: #ffffff;\"><\/span>\n                <span style=\"color: #ffffff;\"><\/span>\n              <\/span>\n            <\/p>\n            <a href=\"https:\/\/martinaspanish.pl\/index.php\/formalnosci\/#sec-36ab\" class=\"u-align-center u-btn u-btn-round u-button-style u-custom-color-7 u-radius u-btn-1\">Napisz do mnie <\/a>\n          <\/div>\n        <\/div>\n      <\/div>\n    <\/section>\n    <section class=\"u-clearfix u-palette-5-light-3 u-section-3\" id=\"sec-36ab\">\n      <div class=\"u-clearfix u-sheet u-valign-middle-sm u-valign-middle-xs u-sheet-1\">\n        <div class=\"data-layout-selected u-clearfix u-expanded-width u-layout-wrap u-layout-wrap-1\">\n          <div class=\"u-layout\">\n            <div class=\"u-layout-row\">\n              <div class=\"u-container-style u-layout-cell u-size-30 u-layout-cell-1\">\n                <div class=\"u-container-layout u-container-layout-1\">\n                  <h2 class=\"text_opacity u-palette-5-light-3 u-text u-text-custom-color-7 u-text-1\">Skontaktuj si\u0119 ze mn\u0105 ju\u017c teraz!<\/h2>\n                  <div class=\"textarea u-form u-form-1\">\n                    <form action=\"https:\/\/forms.nicepagesrv.com\/v2\/form\/process\" class=\"u-clearfix u-form-spacing-32 u-form-vertical u-inner-form\" style=\"padding: 10px\" source=\"email\" name=\"form\">\n                      <div class=\"u-form-group u-form-name u-label-none\">\n                        <label class=\"u-label\">Name<\/label>\n                        <input type=\"text\" placeholder=\"Imi\u0119\" id=\"name-3b9a\" name=\"name\" class=\"u-border-2 u-border-palette-3-light-3 u-input u-input-rectangle u-none u-radius u-text-palette-3-light-1 u-input-1\" required=\"\">\n                      <\/div>\n                      <div class=\"u-form-email u-form-group u-label-none\">\n                        <label class=\"u-label\">Email<\/label>\n                        <input type=\"email\" placeholder=\"E-mail\" id=\"email-3b9a\" name=\"email\" class=\"u-border-2 u-border-palette-3-light-3 u-input u-input-rectangle u-none u-radius u-text-palette-3-light-1 u-input-2\" required=\"\">\n                      <\/div>\n                      <div class=\"u-form-group u-form-message u-label-none\">\n                        <label class=\"u-label\">Message<\/label>\n                        <textarea placeholder=\"Tre\u015b\u0107\" id=\"message-3b9a\" name=\"message\" class=\"u-border-2 u-border-palette-3-light-3 u-input u-input-rectangle u-none u-radius u-text-palette-3-light-1 u-input-3\" required=\"\"><\/textarea>\n                      <\/div>\n                      <div class=\"u-align-left u-form-group u-form-submit\">\n                        <a href=\"#\" class=\"u-btn u-btn-round u-btn-submit u-button-style u-custom-color-7 u-radius u-btn-1\">Wy\u015blij<\/a>\n                        <input type=\"submit\" value=\"submit\" class=\"u-form-control-hidden\">\n                      <\/div>\n                      <div class=\"u-form-send-message u-form-send-success\"> Thank you! Your message has been sent. <\/div>\n                      <div class=\"u-form-send-error u-form-send-message\"> Unable to send your message. Please fix errors then try again. <\/div>\n                      <input type=\"hidden\" value=\"\" name=\"recaptchaResponse\">\n                      <input type=\"hidden\" name=\"formServices\" value=\"c58d2473-b5e6-3906-34e7-a8689efd450e\">\n                      <input type=\"hidden\" name=\"siteKey\" value=\"6LdHMy4qAAAAAJOf2n8FTrKC-1XDtIV9z8_dbZOa\">\n                    <\/form>\n                  <\/div>\n                <\/div>\n              <\/div>\n              <div class=\"u-container-style u-layout-cell u-size-30 u-layout-cell-2\">\n                <div class=\"u-container-layout u-valign-middle u-container-layout-2\">\n                  <img decoding=\"async\" class=\"u-hidden-sm u-hidden-xs u-image u-image-contain u-image-default u-opacity u-opacity-60 u-preserve-proportions u-image-1\" src=\"https:\/\/martinaspanish.pl\/wp-content\/uploads\/2024\/08\/a5957696-8732-4619-aec7-dd9013c9fb95.png\" alt=\"\" data-image-width=\"1024\" data-image-height=\"1024\">\n                <\/div>\n              <\/div>\n            <\/div>\n          <\/div>\n        <\/div>\n      <\/div>\n    <\/section>\n    \n    \n    \n  \n","protected":false},"excerpt":{"rendered":"<p>Za\u0142atw formalno\u015bci w Hiszpanii bez stresu! Daj mi zaj\u0105\u0107 si\u0119 formalno\u015bciami, a Ty ciesz si\u0119 perspektyw\u0105 \u017cycia w magicznym kraju s\u0142onecznych dni i urokliwych zak\u0105tk\u00f3w. Skontaktuj si\u0119 ze mn\u0105, aby pozna\u0107 wycen\u0119.&nbsp; Oferta obejmuje : &nbsp;Pomoc przy zakupie nieruchomo\u015bci &nbsp; Wsparcie j\u0119zykowe, np. u notariusza &nbsp; Koordynacja spraw urz\u0119dowych &nbsp; Formalno\u015bci zwi\u0105zane z N.I.E. &nbsp; &hellip; <a href=\"https:\/\/martinaspanish.pl\/index.php\/formalnosci\/\" class=\"more-link\">Continue reading<span class=\"screen-reader-text\"> &#8222;Za\u0142atw formalno\u015bci w Hiszpanii bez stresu&#8221;<\/span><\/a><\/p>\n","protected":false},"author":1,"featured_media":0,"parent":0,"menu_order":2,"comment_status":"closed","ping_status":"closed","template":"","meta":{"footnotes":""},"class_list":["post-51","page","type-page","status-publish","hentry"],"yoast_head":"<!-- This site is optimized with the Yoast SEO plugin v23.3 - https:\/\/yoast.com\/wordpress\/plugins\/seo\/ -->\n<title>Za\u0142atw formalno\u015bci w Hiszpanii bez stresu - Martina Spanish<\/title>\n<meta name=\"description\" content=\"Za\u0142atw formalno\u015bci w Hiszpanii bez stresu!Daj mi zaj\u0105\u0107 si\u0119 formalno\u015bciami, a Ty ciesz si\u0119 perspektyw\u0105 \u017cycia w magicznym kraju s\u0142onecznych dni i urokliwych zak\u0105tk\u00f3w.\" \/>\n<meta name=\"robots\" content=\"index, follow, max-snippet:-1, max-image-preview:large, max-video-preview:-1\" \/>\n<link rel=\"canonical\" href=\"https:\/\/martinaspanish.pl\/index.php\/formalnosci\/\" \/>\n<meta property=\"og:locale\" content=\"pl_PL\" \/>\n<meta property=\"og:type\" content=\"article\" \/>\n<meta property=\"og:title\" content=\"Za\u0142atw formalno\u015bci w Hiszpanii bez stresu - Martina Spanish\" \/>\n<meta property=\"og:description\" content=\"Za\u0142atw formalno\u015bci w Hiszpanii bez stresu!Daj mi zaj\u0105\u0107 si\u0119 formalno\u015bciami, a Ty ciesz si\u0119 perspektyw\u0105 \u017cycia w magicznym kraju s\u0142onecznych dni i urokliwych zak\u0105tk\u00f3w.\" \/>\n<meta property=\"og:url\" content=\"https:\/\/martinaspanish.pl\/index.php\/formalnosci\/\" \/>\n<meta property=\"og:site_name\" content=\"Martina Spanish\" \/>\n<meta property=\"article:modified_time\" content=\"2024-11-04T00:14:02+00:00\" \/>\n<meta name=\"twitter:card\" content=\"summary_large_image\" \/>\n<meta name=\"twitter:label1\" content=\"Szacowany czas czytania\" \/>\n\t<meta name=\"twitter:data1\" content=\"2 minuty\" \/>\n<script type=\"application\/ld+json\" class=\"yoast-schema-graph\">{\"@context\":\"https:\/\/schema.org\",\"@graph\":[{\"@type\":\"WebPage\",\"@id\":\"https:\/\/martinaspanish.pl\/index.php\/formalnosci\/\",\"url\":\"https:\/\/martinaspanish.pl\/index.php\/formalnosci\/\",\"name\":\"Za\u0142atw formalno\u015bci w Hiszpanii bez stresu - Martina Spanish\",\"isPartOf\":{\"@id\":\"https:\/\/martinaspanish.pl\/#website\"},\"datePublished\":\"2024-08-24T08:02:26+00:00\",\"dateModified\":\"2024-11-04T00:14:02+00:00\",\"description\":\"Za\u0142atw formalno\u015bci w Hiszpanii bez stresu!Daj mi zaj\u0105\u0107 si\u0119 formalno\u015bciami, a Ty ciesz si\u0119 perspektyw\u0105 \u017cycia w magicznym kraju s\u0142onecznych dni i urokliwych zak\u0105tk\u00f3w.\",\"breadcrumb\":{\"@id\":\"https:\/\/martinaspanish.pl\/index.php\/formalnosci\/#breadcrumb\"},\"inLanguage\":\"pl-PL\",\"potentialAction\":[{\"@type\":\"ReadAction\",\"target\":[\"https:\/\/martinaspanish.pl\/index.php\/formalnosci\/\"]}]},{\"@type\":\"BreadcrumbList\",\"@id\":\"https:\/\/martinaspanish.pl\/index.php\/formalnosci\/#breadcrumb\",\"itemListElement\":[{\"@type\":\"ListItem\",\"position\":1,\"name\":\"Strona g\u0142\u00f3wna\",\"item\":\"https:\/\/martinaspanish.pl\/\"},{\"@type\":\"ListItem\",\"position\":2,\"name\":\"Za\u0142atw formalno\u015bci w Hiszpanii bez stresu\"}]},{\"@type\":\"WebSite\",\"@id\":\"https:\/\/martinaspanish.pl\/#website\",\"url\":\"https:\/\/martinaspanish.pl\/\",\"name\":\"Martina Spanish\",\"description\":\"J\u0119zyk hiszpa\u0144ski dla ka\u017cdego!\",\"publisher\":{\"@id\":\"https:\/\/martinaspanish.pl\/#organization\"},\"potentialAction\":[{\"@type\":\"SearchAction\",\"target\":{\"@type\":\"EntryPoint\",\"urlTemplate\":\"https:\/\/martinaspanish.pl\/?s={search_term_string}\"},\"query-input\":\"required name=search_term_string\"}],\"inLanguage\":\"pl-PL\"},{\"@type\":\"Organization\",\"@id\":\"https:\/\/martinaspanish.pl\/#organization\",\"name\":\"Martina Spanish\",\"url\":\"https:\/\/martinaspanish.pl\/\",\"logo\":{\"@type\":\"ImageObject\",\"inLanguage\":\"pl-PL\",\"@id\":\"https:\/\/martinaspanish.pl\/#\/schema\/logo\/image\/\",\"url\":\"https:\/\/martinaspanish.pl\/wp-content\/uploads\/2024\/04\/Martina.png\",\"contentUrl\":\"https:\/\/martinaspanish.pl\/wp-content\/uploads\/2024\/04\/Martina.png\",\"width\":500,\"height\":500,\"caption\":\"Martina Spanish\"},\"image\":{\"@id\":\"https:\/\/martinaspanish.pl\/#\/schema\/logo\/image\/\"}}]}<\/script>\n<!-- \/ Yoast SEO plugin. -->","yoast_head_json":{"title":"Za\u0142atw formalno\u015bci w Hiszpanii bez stresu - Martina Spanish","description":"Za\u0142atw formalno\u015bci w Hiszpanii bez stresu!Daj mi zaj\u0105\u0107 si\u0119 formalno\u015bciami, a Ty ciesz si\u0119 perspektyw\u0105 \u017cycia w magicznym kraju s\u0142onecznych dni i urokliwych zak\u0105tk\u00f3w.","robots":{"index":"index","follow":"follow","max-snippet":"max-snippet:-1","max-image-preview":"max-image-preview:large","max-video-preview":"max-video-preview:-1"},"canonical":"https:\/\/martinaspanish.pl\/index.php\/formalnosci\/","og_locale":"pl_PL","og_type":"article","og_title":"Za\u0142atw formalno\u015bci w Hiszpanii bez stresu - Martina Spanish","og_description":"Za\u0142atw formalno\u015bci w Hiszpanii bez stresu!Daj mi zaj\u0105\u0107 si\u0119 formalno\u015bciami, a Ty ciesz si\u0119 perspektyw\u0105 \u017cycia w magicznym kraju s\u0142onecznych dni i urokliwych zak\u0105tk\u00f3w.","og_url":"https:\/\/martinaspanish.pl\/index.php\/formalnosci\/","og_site_name":"Martina Spanish","article_modified_time":"2024-11-04T00:14:02+00:00","twitter_card":"summary_large_image","twitter_misc":{"Szacowany czas czytania":"2 minuty"},"schema":{"@context":"https:\/\/schema.org","@graph":[{"@type":"WebPage","@id":"https:\/\/martinaspanish.pl\/index.php\/formalnosci\/","url":"https:\/\/martinaspanish.pl\/index.php\/formalnosci\/","name":"Za\u0142atw formalno\u015bci w Hiszpanii bez stresu - Martina Spanish","isPartOf":{"@id":"https:\/\/martinaspanish.pl\/#website"},"datePublished":"2024-08-24T08:02:26+00:00","dateModified":"2024-11-04T00:14:02+00:00","description":"Za\u0142atw formalno\u015bci w Hiszpanii bez stresu!Daj mi zaj\u0105\u0107 si\u0119 formalno\u015bciami, a Ty ciesz si\u0119 perspektyw\u0105 \u017cycia w magicznym kraju s\u0142onecznych dni i urokliwych zak\u0105tk\u00f3w.","breadcrumb":{"@id":"https:\/\/martinaspanish.pl\/index.php\/formalnosci\/#breadcrumb"},"inLanguage":"pl-PL","potentialAction":[{"@type":"ReadAction","target":["https:\/\/martinaspanish.pl\/index.php\/formalnosci\/"]}]},{"@type":"BreadcrumbList","@id":"https:\/\/martinaspanish.pl\/index.php\/formalnosci\/#breadcrumb","itemListElement":[{"@type":"ListItem","position":1,"name":"Strona g\u0142\u00f3wna","item":"https:\/\/martinaspanish.pl\/"},{"@type":"ListItem","position":2,"name":"Za\u0142atw formalno\u015bci w Hiszpanii bez stresu"}]},{"@type":"WebSite","@id":"https:\/\/martinaspanish.pl\/#website","url":"https:\/\/martinaspanish.pl\/","name":"Martina Spanish","description":"J\u0119zyk hiszpa\u0144ski dla ka\u017cdego!","publisher":{"@id":"https:\/\/martinaspanish.pl\/#organization"},"potentialAction":[{"@type":"SearchAction","target":{"@type":"EntryPoint","urlTemplate":"https:\/\/martinaspanish.pl\/?s={search_term_string}"},"query-input":"required name=search_term_string"}],"inLanguage":"pl-PL"},{"@type":"Organization","@id":"https:\/\/martinaspanish.pl\/#organization","name":"Martina Spanish","url":"https:\/\/martinaspanish.pl\/","logo":{"@type":"ImageObject","inLanguage":"pl-PL","@id":"https:\/\/martinaspanish.pl\/#\/schema\/logo\/image\/","url":"https:\/\/martinaspanish.pl\/wp-content\/uploads\/2024\/04\/Martina.png","contentUrl":"https:\/\/martinaspanish.pl\/wp-content\/uploads\/2024\/04\/Martina.png","width":500,"height":500,"caption":"Martina Spanish"},"image":{"@id":"https:\/\/martinaspanish.pl\/#\/schema\/logo\/image\/"}}]}},"_links":{"self":[{"href":"https:\/\/martinaspanish.pl\/index.php\/wp-json\/wp\/v2\/pages\/51","targetHints":{"allow":["GET"]}}],"collection":[{"href":"https:\/\/martinaspanish.pl\/index.php\/wp-json\/wp\/v2\/pages"}],"about":[{"href":"https:\/\/martinaspanish.pl\/index.php\/wp-json\/wp\/v2\/types\/page"}],"author":[{"embeddable":true,"href":"https:\/\/martinaspanish.pl\/index.php\/wp-json\/wp\/v2\/users\/1"}],"replies":[{"embeddable":true,"href":"https:\/\/martinaspanish.pl\/index.php\/wp-json\/wp\/v2\/comments?post=51"}],"version-history":[{"count":3,"href":"https:\/\/martinaspanish.pl\/index.php\/wp-json\/wp\/v2\/pages\/51\/revisions"}],"predecessor-version":[{"id":106,"href":"https:\/\/martinaspanish.pl\/index.php\/wp-json\/wp\/v2\/pages\/51\/revisions\/106"}],"wp:attachment":[{"href":"https:\/\/martinaspanish.pl\/index.php\/wp-json\/wp\/v2\/media?parent=51"}],"curies":[{"name":"wp","href":"https:\/\/api.w.org\/{rel}","templated":true}]}}